{"id":3476,"date":"2025-03-31T22:20:28","date_gmt":"2025-03-31T20:20:28","guid":{"rendered":"https:\/\/fkotrantolympic.me\/?page_id=3476"},"modified":"2025-03-31T22:20:28","modified_gmt":"2025-03-31T20:20:28","slug":"programi-rezultatet","status":"publish","type":"page","link":"https:\/\/fkotrantolympic.me\/cnr\/programi-rezultatet\/","title":{"rendered":"RASPORED I REZULTATI"},"content":{"rendered":"<div class=\"wpb-content-wrapper\"><div class=\"vc_row wpb_row vc_row-fluid\"><div class=\"wpb_column vc_column_container vc_col-sm-12\"><div class=\"vc_column-inner\"><div class=\"wpb_wrapper\">\n<div class=\"stm-events-wrap\">\n    <div class=\"stm-single-events-title_box clearfix\">\n        <h4 class=\"sp-table-caption\">Results<a href=\"?sp_calendar=fixtures-list\" class=\"stm-link-all stm-link-all-publish normal-font\">Full table<\/a><\/h4>\n    <\/div>\n            <div class=\"select-events-wrap\">\n            <span class=\"select-label normal_font\">\n                Select League            <\/span>\n            <select name=\"events_league_list_publish\">\n                                        <option value=\"75\">Meridianbet 1.CFL<\/option>\n                                    <\/select>\n        <\/div>\n        <div id=\"stm-events-league-ajax-content-publish\" class=\"stm-events-result-units\" data-posts=\"5\">\n\n    <\/div>\n<\/div><div class=\"vc_separator wpb_content_element vc_separator_align_center vc_sep_width_100 vc_sep_pos_align_center vc_separator_no_text vc_sep_color_grey wpb_content_element  wpb_content_element\" ><span class=\"vc_sep_holder vc_sep_holder_l\"><span class=\"vc_sep_line\"><\/span><\/span><span class=\"vc_sep_holder vc_sep_holder_r\"><span class=\"vc_sep_line\"><\/span><\/span>\n<\/div><\/div><\/div><\/div><\/div><div class=\"vc_row wpb_row vc_row-fluid\"><div class=\"wpb_column vc_column_container vc_col-sm-12\"><div class=\"vc_column-inner\"><div class=\"wpb_wrapper\">\n<div class=\"stm-events-wrap\">\n    <div class=\"stm-single-events-title_box clearfix\">\n        <h4 class=\"sp-table-caption\">Upcoming games<a href=\"?sp_calendar=fixtures-list\" class=\"stm-link-all stm-link-all-future normal-font\">Full table<\/a><\/h4>\n    <\/div>\n            <div class=\"select-events-wrap\">\n            <span class=\"select-label normal_font\">\n                Select League            <\/span>\n            <select name=\"events_league_list_future\">\n                                        <option value=\"75\">Meridianbet 1.CFL<\/option>\n                                    <\/select>\n        <\/div>\n        <div id=\"stm-events-league-ajax-content-future\" class=\"stm-events-result-units\" data-posts=\"5\">\n\n    <\/div>\n<\/div><\/div><\/div><\/div><\/div><div class=\"vc_row wpb_row vc_row-fluid\"><div class=\"wpb_column vc_column_container vc_col-sm-12\"><div class=\"vc_column-inner\"><div class=\"wpb_wrapper\"><div class=\"vc_separator wpb_content_element vc_separator_align_center vc_sep_width_100 vc_sep_pos_align_center vc_separator_no_text vc_sep_color_grey wpb_content_element  wpb_content_element\" ><span class=\"vc_sep_holder vc_sep_holder_l\"><span class=\"vc_sep_line\"><\/span><\/span><span class=\"vc_sep_holder vc_sep_holder_r\"><span class=\"vc_sep_line\"><\/span><\/span>\n<\/div>\n<div class=\"vc_grid-container-wrapper vc_clearfix vc_grid-animation-fadeIn\">\n\t<div class=\"vc_grid-container vc_clearfix wpb_content_element vc_basic_grid\" data-initial-loading-animation=\"fadeIn\" data-vc-grid-settings=\"{&quot;page_id&quot;:3476,&quot;style&quot;:&quot;all&quot;,&quot;action&quot;:&quot;vc_get_vc_grid_data&quot;,&quot;shortcode_id&quot;:&quot;1743451591436-9644fb14-c513-6&quot;,&quot;tag&quot;:&quot;vc_basic_grid&quot;}\" data-vc-request=\"https:\/\/fkotrantolympic.me\/wp-admin\/admin-ajax.php\" data-vc-post-id=\"3476\" data-vc-public-nonce=\"05476b52a0\">\n\t\t<style data-type=\"vc_shortcodes-custom-css\">.vc_custom_1419240516480{background-color: #f9f9f9 !important;}<\/style><div class=\"vc_grid vc_row vc_grid-gutter-30px vc_pageable-wrapper vc_hook_hover\" data-vc-pageable-content=\"true\"><div class=\"vc_pageable-slide-wrapper vc_clearfix\" data-vc-grid-content=\"true\"><div class=\"vc_grid-item vc_clearfix vc_col-sm-4 vc_grid-item-zone-c-bottom\"><div class=\"vc_grid-item-mini vc_clearfix\"><div class=\"vc_gitem-animated-block\" ><div class=\"vc_gitem-zone vc_gitem-zone-a vc-gitem-zone-height-mode-auto vc-gitem-zone-height-mode-auto-1-1 vc_gitem-is-link\" style=\"background-image: url('https:\/\/fkotrantolympic.me\/wp-content\/uploads\/2025\/04\/482325157_1512915419665598_648328288668486473_n-1024x690.jpg') !important;\"><a href=\"https:\/\/fkotrantolympic.me\/cnr\/2025\/04\/08\/3545\/\" title=\"OTRANT OLYMPIC  &#8211; MORNAR  6:2 (0:1)\" class=\"vc_gitem-link vc-zone-link\" ><\/a><img decoding=\"async\" class=\"vc_gitem-zone-img\" src=\"https:\/\/fkotrantolympic.me\/wp-content\/uploads\/2025\/04\/482325157_1512915419665598_648328288668486473_n-1024x690.jpg\" alt=\"OTRANT - DE\u010cI\u0106\" loading=\"lazy\"><div class=\"vc_gitem-zone-mini\"><\/div><\/div><\/div><div class=\"vc_gitem-zone vc_gitem-zone-c vc_custom_1419240516480\"><div class=\"vc_gitem-zone-mini\"><div class=\"vc_gitem_row vc_row vc_gitem-row-position-top\"><div class=\"vc_col-sm-12 vc_gitem-col vc_gitem-col-align-\"><div class=\"vc_custom_heading vc_gitem-post-data vc_gitem-post-data-source-post_title\" ><h4 style=\"text-align: left\" >OTRANT OLYMPIC  &#8211; MORNAR  6:2 (0:1)<\/h4><\/div><div class=\"vc_custom_heading vc_gitem-post-data vc_gitem-post-data-source-post_excerpt\" ><p style=\"text-align: left\" ><p>MERIDIANBET 1.CFL <\/p>\n<\/p><\/div><div class=\"vc_btn3-container vc_btn3-left\"><a class=\"vc_general vc_btn3 vc_btn3-size-md vc_btn3-shape-rounded vc_btn3-style-flat vc_btn3-color-juicy-pink\" a href=\"https:\/\/fkotrantolympic.me\/cnr\/2025\/04\/08\/3545\/\" title=\"Read more\">Read more<\/a><\/div><\/div><\/div><\/div><\/div><\/div><div class=\"vc_clearfix\"><\/div><\/div><div class=\"vc_grid-item vc_clearfix vc_col-sm-4 vc_grid-item-zone-c-bottom\"><div class=\"vc_grid-item-mini vc_clearfix\"><div class=\"vc_gitem-animated-block\" ><div class=\"vc_gitem-zone vc_gitem-zone-a vc-gitem-zone-height-mode-auto vc-gitem-zone-height-mode-auto-1-1 vc_gitem-is-link\" style=\"background-image: url('https:\/\/fkotrantolympic.me\/wp-content\/uploads\/2025\/03\/475978912_1164285915703277_6656214076842493819_n-1024x726.jpg') !important;\"><a href=\"https:\/\/fkotrantolympic.me\/cnr\/2025\/03\/31\/kaplanbegu-novi-trener\/\" title=\"OTRANT OLYMPIC IMA NOVOG TRENERA !\" class=\"vc_gitem-link vc-zone-link\" ><\/a><img decoding=\"async\" class=\"vc_gitem-zone-img\" src=\"https:\/\/fkotrantolympic.me\/wp-content\/uploads\/2025\/03\/475978912_1164285915703277_6656214076842493819_n-1024x726.jpg\" alt=\"MERIDIANBET 1.CFL\" loading=\"lazy\"><div class=\"vc_gitem-zone-mini\"><\/div><\/div><\/div><div class=\"vc_gitem-zone vc_gitem-zone-c vc_custom_1419240516480\"><div class=\"vc_gitem-zone-mini\"><div class=\"vc_gitem_row vc_row vc_gitem-row-position-top\"><div class=\"vc_col-sm-12 vc_gitem-col vc_gitem-col-align-\"><div class=\"vc_custom_heading vc_gitem-post-data vc_gitem-post-data-source-post_title\" ><h4 style=\"text-align: left\" >OTRANT OLYMPIC IMA NOVOG TRENERA !<\/h4><\/div><div class=\"vc_custom_heading vc_gitem-post-data vc_gitem-post-data-source-post_excerpt\" ><p style=\"text-align: left\" ><p>MERIDIANBET 1.CFL<\/p>\n<\/p><\/div><div class=\"vc_btn3-container vc_btn3-left\"><a class=\"vc_general vc_btn3 vc_btn3-size-md vc_btn3-shape-rounded vc_btn3-style-flat vc_btn3-color-juicy-pink\" a href=\"https:\/\/fkotrantolympic.me\/cnr\/2025\/03\/31\/kaplanbegu-novi-trener\/\" title=\"Read more\">Read more<\/a><\/div><\/div><\/div><\/div><\/div><\/div><div class=\"vc_clearfix\"><\/div><\/div><div class=\"vc_grid-item vc_clearfix vc_col-sm-4 vc_grid-item-zone-c-bottom\"><div class=\"vc_grid-item-mini vc_clearfix\"><div class=\"vc_gitem-animated-block\" ><div class=\"vc_gitem-zone vc_gitem-zone-a vc-gitem-zone-height-mode-auto vc-gitem-zone-height-mode-auto-1-1 vc_gitem-is-link\" style=\"background-image: url('https:\/\/fkotrantolympic.me\/wp-content\/uploads\/2025\/03\/Miki-Vukotic.jpg-1024x733.webp') !important;\"><a href=\"https:\/\/fkotrantolympic.me\/cnr\/2025\/03\/28\/rastanak-otrant-olympica-i-mikija-vukotica\/\" title=\"MIODRAG VUKOTI\u0106 VI\u0160E NIJE TRENER OTRANT OLYMPICA!\" class=\"vc_gitem-link vc-zone-link\" ><\/a><img decoding=\"async\" class=\"vc_gitem-zone-img\" src=\"https:\/\/fkotrantolympic.me\/wp-content\/uploads\/2025\/03\/Miki-Vukotic.jpg-1024x733.webp\" alt=\"MERIDIANBET1.CFL\" loading=\"lazy\"><div class=\"vc_gitem-zone-mini\"><\/div><\/div><\/div><div class=\"vc_gitem-zone vc_gitem-zone-c vc_custom_1419240516480\"><div class=\"vc_gitem-zone-mini\"><div class=\"vc_gitem_row vc_row vc_gitem-row-position-top\"><div class=\"vc_col-sm-12 vc_gitem-col vc_gitem-col-align-\"><div class=\"vc_custom_heading vc_gitem-post-data vc_gitem-post-data-source-post_title\" ><h4 style=\"text-align: left\" >MIODRAG VUKOTI\u0106 VI\u0160E NIJE TRENER OTRANT OLYMPICA!<\/h4><\/div><div class=\"vc_custom_heading vc_gitem-post-data vc_gitem-post-data-source-post_excerpt\" ><p style=\"text-align: left\" ><p>MERIDIANBET1.CFL<\/p>\n<\/p><\/div><div class=\"vc_btn3-container vc_btn3-left\"><a class=\"vc_general vc_btn3 vc_btn3-size-md vc_btn3-shape-rounded vc_btn3-style-flat vc_btn3-color-juicy-pink\" a href=\"https:\/\/fkotrantolympic.me\/cnr\/2025\/03\/28\/rastanak-otrant-olympica-i-mikija-vukotica\/\" title=\"Read more\">Read more<\/a><\/div><\/div><\/div><\/div><\/div><\/div><div class=\"vc_clearfix\"><\/div><\/div><div class=\"vc_grid-item vc_clearfix vc_col-sm-4 vc_grid-item-zone-c-bottom\"><div class=\"vc_grid-item-mini vc_clearfix\"><div class=\"vc_gitem-animated-block\" ><div class=\"vc_gitem-zone vc_gitem-zone-a vc-gitem-zone-height-mode-auto vc-gitem-zone-height-mode-auto-1-1 vc_gitem-is-link\" style=\"background-image: url('https:\/\/fkotrantolympic.me\/wp-content\/uploads\/2025\/03\/482301550_1512915442998929_5685425699648123588_n-1-1024x707.jpg') !important;\"><a href=\"https:\/\/fkotrantolympic.me\/cnr\/2025\/03\/20\/test\/\" title=\"PETAR VUK\u010cEVI\u0106 ZA  POBJEDU\" class=\"vc_gitem-link vc-zone-link\" ><\/a><img decoding=\"async\" class=\"vc_gitem-zone-img\" src=\"https:\/\/fkotrantolympic.me\/wp-content\/uploads\/2025\/03\/482301550_1512915442998929_5685425699648123588_n-1-1024x707.jpg\" alt=\"MERIDIANBET 1.CFL\" loading=\"lazy\"><div class=\"vc_gitem-zone-mini\"><\/div><\/div><\/div><div class=\"vc_gitem-zone vc_gitem-zone-c vc_custom_1419240516480\"><div class=\"vc_gitem-zone-mini\"><div class=\"vc_gitem_row vc_row vc_gitem-row-position-top\"><div class=\"vc_col-sm-12 vc_gitem-col vc_gitem-col-align-\"><div class=\"vc_custom_heading vc_gitem-post-data vc_gitem-post-data-source-post_title\" ><h4 style=\"text-align: left\" >PETAR VUK\u010cEVI\u0106 ZA  POBJEDU<\/h4><\/div><div class=\"vc_custom_heading vc_gitem-post-data vc_gitem-post-data-source-post_excerpt\" ><p style=\"text-align: left\" ><p>MERIDIANBET 1.CFL<\/p>\n<\/p><\/div><div class=\"vc_btn3-container vc_btn3-left\"><a class=\"vc_general vc_btn3 vc_btn3-size-md vc_btn3-shape-rounded vc_btn3-style-flat vc_btn3-color-juicy-pink\" a href=\"https:\/\/fkotrantolympic.me\/cnr\/2025\/03\/20\/test\/\" title=\"Read more\">Read more<\/a><\/div><\/div><\/div><\/div><\/div><\/div><div class=\"vc_clearfix\"><\/div><\/div><div class=\"vc_grid-item vc_clearfix vc_col-sm-4 vc_grid-item-zone-c-bottom\"><div class=\"vc_grid-item-mini vc_clearfix\"><div class=\"vc_gitem-animated-block\" ><div class=\"vc_gitem-zone vc_gitem-zone-a vc-gitem-zone-height-mode-auto vc-gitem-zone-height-mode-auto-1-1 vc_gitem-is-link\" style=\"background-image: url('https:\/\/fkotrantolympic.me\/wp-content\/uploads\/2025\/03\/464829074_1418539402436534_3035425329293759060_n-1024x724.jpg') !important;\"><a href=\"https:\/\/fkotrantolympic.me\/cnr\/2025\/03\/04\/jedinstvo-franca-otrant-21\/\" title=\"PORAZ OTRANT OLYMPICA U BIJELOM POLJU\" class=\"vc_gitem-link vc-zone-link\" ><\/a><img decoding=\"async\" class=\"vc_gitem-zone-img\" src=\"https:\/\/fkotrantolympic.me\/wp-content\/uploads\/2025\/03\/464829074_1418539402436534_3035425329293759060_n-1024x724.jpg\" alt=\"MERIDIANBET 1.CFL   22.KOLO\" loading=\"lazy\"><div class=\"vc_gitem-zone-mini\"><\/div><\/div><\/div><div class=\"vc_gitem-zone vc_gitem-zone-c vc_custom_1419240516480\"><div class=\"vc_gitem-zone-mini\"><div class=\"vc_gitem_row vc_row vc_gitem-row-position-top\"><div class=\"vc_col-sm-12 vc_gitem-col vc_gitem-col-align-\"><div class=\"vc_custom_heading vc_gitem-post-data vc_gitem-post-data-source-post_title\" ><h4 style=\"text-align: left\" >PORAZ OTRANT OLYMPICA U BIJELOM POLJU<\/h4><\/div><div class=\"vc_custom_heading vc_gitem-post-data vc_gitem-post-data-source-post_excerpt\" ><p style=\"text-align: left\" ><p>MERIDIANBET 1.CFL   22.KOLO<\/p>\n<\/p><\/div><div class=\"vc_btn3-container vc_btn3-left\"><a class=\"vc_general vc_btn3 vc_btn3-size-md vc_btn3-shape-rounded vc_btn3-style-flat vc_btn3-color-juicy-pink\" a href=\"https:\/\/fkotrantolympic.me\/cnr\/2025\/03\/04\/jedinstvo-franca-otrant-21\/\" title=\"Read more\">Read more<\/a><\/div><\/div><\/div><\/div><\/div><\/div><div class=\"vc_clearfix\"><\/div><\/div><div class=\"vc_grid-item vc_clearfix vc_col-sm-4 vc_grid-item-zone-c-bottom\"><div class=\"vc_grid-item-mini vc_clearfix\"><div class=\"vc_gitem-animated-block\" ><div class=\"vc_gitem-zone vc_gitem-zone-a vc-gitem-zone-height-mode-auto vc-gitem-zone-height-mode-auto-1-1 vc_gitem-is-link\" style=\"background-image: url('https:\/\/fkotrantolympic.me\/wp-content\/uploads\/2025\/02\/482322038_1504565430500597_2838454669011666972_n-1024x683.jpg') !important;\"><a href=\"https:\/\/fkotrantolympic.me\/cnr\/2025\/02\/28\/muharemovic-za-vaznu-pobjedu\/\" title=\"POBJEDA OTRANT OLYMPICA\" class=\"vc_gitem-link vc-zone-link\" ><\/a><img decoding=\"async\" class=\"vc_gitem-zone-img\" src=\"https:\/\/fkotrantolympic.me\/wp-content\/uploads\/2025\/02\/482322038_1504565430500597_2838454669011666972_n-1024x683.jpg\" alt=\"MERIDIANBET 21.KOLO\" loading=\"lazy\"><div class=\"vc_gitem-zone-mini\"><\/div><\/div><\/div><div class=\"vc_gitem-zone vc_gitem-zone-c vc_custom_1419240516480\"><div class=\"vc_gitem-zone-mini\"><div class=\"vc_gitem_row vc_row vc_gitem-row-position-top\"><div class=\"vc_col-sm-12 vc_gitem-col vc_gitem-col-align-\"><div class=\"vc_custom_heading vc_gitem-post-data vc_gitem-post-data-source-post_title\" ><h4 style=\"text-align: left\" >POBJEDA OTRANT OLYMPICA<\/h4><\/div><div class=\"vc_custom_heading vc_gitem-post-data vc_gitem-post-data-source-post_excerpt\" ><p style=\"text-align: left\" ><p>MERIDIANBET 21.KOLO<\/p>\n<\/p><\/div><div class=\"vc_btn3-container vc_btn3-left\"><a class=\"vc_general vc_btn3 vc_btn3-size-md vc_btn3-shape-rounded vc_btn3-style-flat vc_btn3-color-juicy-pink\" a href=\"https:\/\/fkotrantolympic.me\/cnr\/2025\/02\/28\/muharemovic-za-vaznu-pobjedu\/\" title=\"Read more\">Read more<\/a><\/div><\/div><\/div><\/div><\/div><\/div><div class=\"vc_clearfix\"><\/div><\/div><\/div><\/div>\n\t<\/div>\n<\/div><\/div><\/div><\/div><\/div>\n<\/div>","protected":false},"excerpt":{"rendered":"ResultsFull table Select League Meridianbet 1.CFL Upcoming gamesFull table Select League Meridianbet 1.CFL OTRANT OLYMPIC &#8211; MORNAR 6:2 (0:1)MERIDIANBET 1.CFL Read moreOTRANT OLYMPIC KA TRAJNER T\u00cb RI!MERIDIANBET 1.CFL Read moreMIODRAG VUKOTI\u00c7 NUK \u00cbSHT\u00cb M\u00cb TRAJNER I OTRANT OLYMPICMERIDIANBET1.CFL Read morePETAR VUK\u00c7EVI\u00c7 P\u00cbR FITORENMERIDIANBET 1.CFL Read moreHUMBJA OTRANT OLYMPICA N\u00cb BIJELO POLJEMERIDIANBET 1.CFL 22.KOLO Read moreFITORA...","protected":false},"author":1,"featured_media":0,"parent":0,"menu_order":0,"comment_status":"closed","ping_status":"closed","template":"","meta":{"footnotes":""},"class_list":["post-3476","page","type-page","status-publish","hentry"],"yoast_head":"<!-- This site is optimized with the Yoast SEO plugin v24.5 - https:\/\/yoast.com\/wordpress\/plugins\/seo\/ -->\n<title>PROGRAMI &amp; REZULTATET - Fk Otrant Olympic<\/title>\n<meta name=\"robots\" content=\"index, follow, max-snippet:-1, max-image-preview:large, max-video-preview:-1\" \/>\n<link rel=\"canonical\" href=\"https:\/\/fkotrantolympic.me\/cnr\/programi-rezultatet\/\" \/>\n<meta property=\"og:locale\" content=\"en_US\" \/>\n<meta property=\"og:type\" content=\"article\" \/>\n<meta property=\"og:title\" content=\"PROGRAMI &amp; REZULTATET - Fk Otrant Olympic\" \/>\n<meta property=\"og:url\" content=\"https:\/\/fkotrantolympic.me\/cnr\/programi-rezultatet\/\" \/>\n<meta property=\"og:site_name\" content=\"Fk Otrant Olympic\" \/>\n<meta name=\"twitter:card\" content=\"summary_large_image\" \/>\n<meta name=\"twitter:label1\" content=\"Est. reading time\" \/>\n\t<meta name=\"twitter:data1\" content=\"1 minute\" \/>\n<script type=\"application\/ld+json\" class=\"yoast-schema-graph\">{\"@context\":\"https:\/\/schema.org\",\"@graph\":[{\"@type\":\"WebPage\",\"@id\":\"https:\/\/fkotrantolympic.me\/programi-rezultatet\/\",\"url\":\"https:\/\/fkotrantolympic.me\/programi-rezultatet\/\",\"name\":\"PROGRAMI & REZULTATET - Fk Otrant Olympic\",\"isPartOf\":{\"@id\":\"https:\/\/fkotrantolympic.me\/#website\"},\"datePublished\":\"2025-03-31T20:20:28+00:00\",\"breadcrumb\":{\"@id\":\"https:\/\/fkotrantolympic.me\/programi-rezultatet\/#breadcrumb\"},\"inLanguage\":\"cnr\",\"potentialAction\":[{\"@type\":\"ReadAction\",\"target\":[\"https:\/\/fkotrantolympic.me\/programi-rezultatet\/\"]}]},{\"@type\":\"BreadcrumbList\",\"@id\":\"https:\/\/fkotrantolympic.me\/programi-rezultatet\/#breadcrumb\",\"itemListElement\":[{\"@type\":\"ListItem\",\"position\":1,\"name\":\"Home\",\"item\":\"https:\/\/fkotrantolympic.me\/\"},{\"@type\":\"ListItem\",\"position\":2,\"name\":\"PROGRAMI &#038; REZULTATET\"}]},{\"@type\":\"WebSite\",\"@id\":\"https:\/\/fkotrantolympic.me\/#website\",\"url\":\"https:\/\/fkotrantolympic.me\/\",\"name\":\"Fk Otrant Olympic\",\"description\":\"Fk Otrant Olympic\",\"publisher\":{\"@id\":\"https:\/\/fkotrantolympic.me\/#organization\"},\"potentialAction\":[{\"@type\":\"SearchAction\",\"target\":{\"@type\":\"EntryPoint\",\"urlTemplate\":\"https:\/\/fkotrantolympic.me\/?s={search_term_string}\"},\"query-input\":{\"@type\":\"PropertyValueSpecification\",\"valueRequired\":true,\"valueName\":\"search_term_string\"}}],\"inLanguage\":\"cnr\"},{\"@type\":\"Organization\",\"@id\":\"https:\/\/fkotrantolympic.me\/#organization\",\"name\":\"Fk Otrant Olympic\",\"url\":\"https:\/\/fkotrantolympic.me\/\",\"logo\":{\"@type\":\"ImageObject\",\"inLanguage\":\"cnr\",\"@id\":\"https:\/\/fkotrantolympic.me\/#\/schema\/logo\/image\/\",\"url\":\"https:\/\/fkotrantolympic.me\/wp-content\/uploads\/2024\/09\/cropped-FK_Otrant-Olympic_logo.svg.png\",\"contentUrl\":\"https:\/\/fkotrantolympic.me\/wp-content\/uploads\/2024\/09\/cropped-FK_Otrant-Olympic_logo.svg.png\",\"width\":512,\"height\":512,\"caption\":\"Fk Otrant Olympic\"},\"image\":{\"@id\":\"https:\/\/fkotrantolympic.me\/#\/schema\/logo\/image\/\"}}]}<\/script>\n<!-- \/ Yoast SEO plugin. -->","yoast_head_json":{"title":"PROGRAMI & REZULTATET - Fk Otrant Olympic","robots":{"index":"index","follow":"follow","max-snippet":"max-snippet:-1","max-image-preview":"max-image-preview:large","max-video-preview":"max-video-preview:-1"},"canonical":"https:\/\/fkotrantolympic.me\/cnr\/programi-rezultatet\/","og_locale":"en_US","og_type":"article","og_title":"PROGRAMI & REZULTATET - Fk Otrant Olympic","og_url":"https:\/\/fkotrantolympic.me\/cnr\/programi-rezultatet\/","og_site_name":"Fk Otrant Olympic","twitter_card":"summary_large_image","twitter_misc":{"Est. reading time":"1 minute"},"schema":{"@context":"https:\/\/schema.org","@graph":[{"@type":"WebPage","@id":"https:\/\/fkotrantolympic.me\/programi-rezultatet\/","url":"https:\/\/fkotrantolympic.me\/programi-rezultatet\/","name":"PROGRAMI & REZULTATET - Fk Otrant Olympic","isPartOf":{"@id":"https:\/\/fkotrantolympic.me\/#website"},"datePublished":"2025-03-31T20:20:28+00:00","breadcrumb":{"@id":"https:\/\/fkotrantolympic.me\/programi-rezultatet\/#breadcrumb"},"inLanguage":"cnr","potentialAction":[{"@type":"ReadAction","target":["https:\/\/fkotrantolympic.me\/programi-rezultatet\/"]}]},{"@type":"BreadcrumbList","@id":"https:\/\/fkotrantolympic.me\/programi-rezultatet\/#breadcrumb","itemListElement":[{"@type":"ListItem","position":1,"name":"Home","item":"https:\/\/fkotrantolympic.me\/"},{"@type":"ListItem","position":2,"name":"PROGRAMI &#038; REZULTATET"}]},{"@type":"WebSite","@id":"https:\/\/fkotrantolympic.me\/#website","url":"https:\/\/fkotrantolympic.me\/","name":"Fk Otrant Olympic","description":"Fk Otrant Olympic","publisher":{"@id":"https:\/\/fkotrantolympic.me\/#organization"},"potentialAction":[{"@type":"SearchAction","target":{"@type":"EntryPoint","urlTemplate":"https:\/\/fkotrantolympic.me\/?s={search_term_string}"},"query-input":{"@type":"PropertyValueSpecification","valueRequired":true,"valueName":"search_term_string"}}],"inLanguage":"cnr"},{"@type":"Organization","@id":"https:\/\/fkotrantolympic.me\/#organization","name":"Fk Otrant Olympic","url":"https:\/\/fkotrantolympic.me\/","logo":{"@type":"ImageObject","inLanguage":"cnr","@id":"https:\/\/fkotrantolympic.me\/#\/schema\/logo\/image\/","url":"https:\/\/fkotrantolympic.me\/wp-content\/uploads\/2024\/09\/cropped-FK_Otrant-Olympic_logo.svg.png","contentUrl":"https:\/\/fkotrantolympic.me\/wp-content\/uploads\/2024\/09\/cropped-FK_Otrant-Olympic_logo.svg.png","width":512,"height":512,"caption":"Fk Otrant Olympic"},"image":{"@id":"https:\/\/fkotrantolympic.me\/#\/schema\/logo\/image\/"}}]}},"_links":{"self":[{"href":"https:\/\/fkotrantolympic.me\/cnr\/wp-json\/wp\/v2\/pages\/3476","targetHints":{"allow":["GET"]}}],"collection":[{"href":"https:\/\/fkotrantolympic.me\/cnr\/wp-json\/wp\/v2\/pages"}],"about":[{"href":"https:\/\/fkotrantolympic.me\/cnr\/wp-json\/wp\/v2\/types\/page"}],"author":[{"embeddable":true,"href":"https:\/\/fkotrantolympic.me\/cnr\/wp-json\/wp\/v2\/users\/1"}],"replies":[{"embeddable":true,"href":"https:\/\/fkotrantolympic.me\/cnr\/wp-json\/wp\/v2\/comments?post=3476"}],"version-history":[{"count":26,"href":"https:\/\/fkotrantolympic.me\/cnr\/wp-json\/wp\/v2\/pages\/3476\/revisions"}],"predecessor-version":[{"id":3502,"href":"https:\/\/fkotrantolympic.me\/cnr\/wp-json\/wp\/v2\/pages\/3476\/revisions\/3502"}],"wp:attachment":[{"href":"https:\/\/fkotrantolympic.me\/cnr\/wp-json\/wp\/v2\/media?parent=3476"}],"curies":[{"name":"wp","href":"https:\/\/api.w.org\/{rel}","templated":true}]}}